{"id":542,"date":"2025-09-26T11:14:24","date_gmt":"2025-09-26T09:14:24","guid":{"rendered":"https:\/\/ciezaentumano.es\/?page_id=542"},"modified":"2025-09-26T11:15:25","modified_gmt":"2025-09-26T09:15:25","slug":"cookie-policy","status":"publish","type":"page","link":"https:\/\/ciezaentumano.es\/en\/cookie-policy\/","title":{"rendered":"Cookie Policy"},"content":{"rendered":"<div data-elementor-type=\"wp-page\" data-elementor-id=\"542\" class=\"elementor elementor-542\" data-elementor-post-type=\"page\">\n\t\t\t\t\t\t<section class=\"elementor-section elementor-top-section elementor-element elementor-element-f542697 elementor-section-boxed elementor-section-height-default elementor-section-height-default\" data-id=\"f542697\" data-element_type=\"section\" data-settings=\"{&quot;background_background&quot;:&quot;classic&quot;}\">\n\t\t\t\t\t\t<div class=\"elementor-container elementor-column-gap-default\">\n\t\t\t\t\t<div class=\"elementor-column elementor-col-100 elementor-top-column elementor-element elementor-element-0d73b67\" data-id=\"0d73b67\" data-element_type=\"column\">\n\t\t\t<div class=\"elementor-widget-wrap elementor-element-populated\">\n\t\t\t\t\t\t<div class=\"elementor-element elementor-element-742a61c elementor-widget elementor-widget-heading\" data-id=\"742a61c\" data-element_type=\"widget\" data-widget_type=\"heading.default\">\n\t\t\t\t<div class=\"elementor-widget-container\">\n\t\t\t\t\t<h2 class=\"elementor-heading-title elementor-size-default\">Cookie Policy<\/h2>\t\t\t\t<\/div>\n\t\t\t\t<\/div>\n\t\t\t\t<div class=\"elementor-element elementor-element-aedd9b8 elementor-widget elementor-widget-text-editor\" data-id=\"aedd9b8\" data-element_type=\"widget\" data-widget_type=\"text-editor.default\">\n\t\t\t\t<div class=\"elementor-widget-container\">\n\t\t\t\t\t\t\t\t\t<p>A\u00a0<em>cookie<\/em>\u00a0It is a small text file that is stored in your browser when you visit almost any web page. Its purpose is to enable the website to remember your visit when you browse that page again.\u00a0<em>cookies<\/em>\u00a0They usually store technical information, personal preferences, content customization, usage statistics, links to social networks, access to user accounts, etc. The objective of the\u00a0<em>cookie<\/em>\u00a0is to adapt the content of the website to your profile and needs, without\u00a0<em>cookies<\/em>\u00a0The services offered by any page would be significantly reduced. If you would like to consult more information about what the\u00a0<em>cookies<\/em>, what they store, how to delete them, disable them, etc.,\u00a0<a role=\"link\" href=\"https:\/\/ciezaentumano.com\/mas-informacion-sobre-las-cookies\/\" target=\"_blank\" rel=\"noopener\">please go to this link.<\/a><\/p><h2>Cookies used on this website<\/h2><p>Following the guidelines of the Spanish Data Protection Agency, we proceed to detail the use of\u00a0<em>cookies<\/em>\u00a0which this website does in order to inform you as accurately as possible.<\/p><p>This website uses the following\u00a0<strong>own cookies<\/strong>:<\/p><ul><li>Session cookies, to ensure that users who write comments on the blog are human and not automated applications. This helps combat the\u00a0<em>spam<\/em>.<\/li><\/ul><p>This website uses the following\u00a0<strong>third-party cookies<\/strong>:<\/p><ul><li>Google Analytics: Stores\u00a0<em>cookies<\/em>\u00a0to compile statistics on traffic and visitor volume to this website. By using this website, you consent to the processing of data about you by Google. Therefore, to exercise any rights in this regard, you must contact Google directly.<\/li><li>Social networks: Each social network uses its own\u00a0<em>cookies<\/em>\u00a0so you can click on buttons like\u00a0<em>I like<\/em>\u00a0either\u00a0<em>Share<\/em>.<\/li><\/ul><h2>Disabling or deleting cookies<\/h2><p>You may exercise your right to disable or delete cookies from this website at any time. These actions are performed differently depending on the browser you are using.\u00a0<a role=\"link\" href=\"https:\/\/ciezaentumano.com\/mas-informacion-sobre-las-cookies\/#navegadores\" target=\"_blank\" rel=\"noopener\">Here&#039;s a quick guide to the most popular browsers.<\/a>.<\/p><h2>Additional notes<\/h2><ul><li>Neither this website nor its legal representatives are responsible for the content or the veracity of the privacy policies that third parties mentioned in this privacy policy may have.\u00a0<em>cookies<\/em>.<\/li><li>Web browsers are the tools responsible for storing the\u00a0<em>cookies<\/em>\u00a0and from this place you must exercise your right to delete or deactivate them. Neither this website nor its legal representatives can guarantee the correct or incorrect handling of the\u00a0<em>cookies<\/em>\u00a0by the aforementioned browsers.<\/li><li>In some cases it is necessary to install\u00a0<em>cookies<\/em>\u00a0so that the browser does not forget your decision not to accept them.<\/li><li>In the case of the\u00a0<em>cookies<\/em>\u00a0from Google Analytics, this company stores the\u00a0<em>cookies<\/em>\u00a0on servers located in the United States and undertakes not to share it with third parties, except where necessary for the operation of the system or where required by law. According to Google, your IP address is not stored. Google Inc. is a company that adheres to the Safe Harbor Agreement, which guarantees that all transferred data will be treated with a level of protection in accordance with European regulations. You can consult detailed information on this matter.\u00a0<a role=\"link\" href=\"http:\/\/safeharbor.export.gov\/companyinfo.aspx?id=16626\" target=\"_blank\" rel=\"noopener\">in this link<\/a>. If you want information about how Google uses cookies\u00a0<a role=\"link\" href=\"https:\/\/developers.google.com\/analytics\/devguides\/collection\/analyticsjs\/cookie-usage?hl=es&amp;csw=1\" target=\"_blank\" rel=\"noopener\">We attach this other link<\/a>.<\/li><li>For any questions or queries about this policy\u00a0<em>cookies<\/em>\u00a0Please do not hesitate to contact us through the contact section.<\/li><\/ul>\t\t\t\t\t\t\t\t<\/div>\n\t\t\t\t<\/div>\n\t\t\t\t\t<\/div>\n\t\t<\/div>\n\t\t\t\t\t<\/div>\n\t\t<\/section>\n\t\t\t\t<\/div>","protected":false},"excerpt":{"rendered":"<p>Una\u00a0cookie\u00a0es un peque\u00f1o fichero de texto que se almacena en su navegador cuando visita casi cualquier p\u00e1gina web. Su utilidad es que la web sea capaz de recordar su visita cuando vuelva a navegar por esa p\u00e1gina. Las\u00a0cookies\u00a0suelen almacenar informaci\u00f3n de car\u00e1cter t\u00e9cnico, preferencias personales, personalizaci\u00f3n de contenidos, estad\u00edsticas de uso, enlaces a redes sociales, &#8230; <a title=\"Cookie Policy\" class=\"read-more\" href=\"https:\/\/ciezaentumano.es\/en\/cookie-policy\/\" aria-label=\"Read more about Pol\u00edtica de cookies\">Read more<\/a><\/p>","protected":false},"author":6,"featured_media":0,"parent":0,"menu_order":0,"comment_status":"closed","ping_status":"closed","template":"elementor_header_footer","meta":{"footnotes":""},"class_list":["post-542","page","type-page","status-publish"],"_links":{"self":[{"href":"https:\/\/ciezaentumano.es\/en\/wp-json\/wp\/v2\/pages\/542","targetHints":{"allow":["GET"]}}],"collection":[{"href":"https:\/\/ciezaentumano.es\/en\/wp-json\/wp\/v2\/pages"}],"about":[{"href":"https:\/\/ciezaentumano.es\/en\/wp-json\/wp\/v2\/types\/page"}],"author":[{"embeddable":true,"href":"https:\/\/ciezaentumano.es\/en\/wp-json\/wp\/v2\/users\/6"}],"replies":[{"embeddable":true,"href":"https:\/\/ciezaentumano.es\/en\/wp-json\/wp\/v2\/comments?post=542"}],"version-history":[{"count":4,"href":"https:\/\/ciezaentumano.es\/en\/wp-json\/wp\/v2\/pages\/542\/revisions"}],"predecessor-version":[{"id":547,"href":"https:\/\/ciezaentumano.es\/en\/wp-json\/wp\/v2\/pages\/542\/revisions\/547"}],"wp:attachment":[{"href":"https:\/\/ciezaentumano.es\/en\/wp-json\/wp\/v2\/media?parent=542"}],"curies":[{"name":"wp","href":"https:\/\/api.w.org\/{rel}","templated":true}]}}