{"id":315,"date":"2020-01-02T12:24:12","date_gmt":"2020-01-02T11:24:12","guid":{"rendered":"https:\/\/ciezaentumano.es\/?page_id=315"},"modified":"2025-09-26T14:15:24","modified_gmt":"2025-09-26T12:15:24","slug":"who-we-are","status":"publish","type":"page","link":"https:\/\/ciezaentumano.es\/en\/who-we-are\/","title":{"rendered":"Who Are We?"},"content":{"rendered":"<div data-elementor-type=\"wp-page\" data-elementor-id=\"315\" class=\"elementor elementor-315\" data-elementor-post-type=\"page\">\n\t\t\t\t\t\t<section class=\"elementor-section elementor-top-section elementor-element elementor-element-7893cac2 elementor-section-boxed elementor-section-height-default elementor-section-height-default\" data-id=\"7893cac2\" data-element_type=\"section\" data-settings=\"{&quot;background_background&quot;:&quot;classic&quot;,&quot;shape_divider_bottom&quot;:&quot;triangle-asymmetrical&quot;,&quot;shape_divider_bottom_negative&quot;:&quot;yes&quot;}\">\n\t\t\t\t\t\t\t<div class=\"elementor-background-overlay\"><\/div>\n\t\t\t\t\t\t<div class=\"elementor-shape elementor-shape-bottom\" aria-hidden=\"true\" data-negative=\"true\">\n\t\t\t<svg xmlns=\"http:\/\/www.w3.org\/2000\/svg\" viewbox=\"0 0 1000 100\" preserveaspectratio=\"none\">\n\t<path class=\"elementor-shape-fill\" d=\"M737.9,94.7L0,0v100h1000V0L737.9,94.7z\"\/>\n<\/svg>\t\t<\/div>\n\t\t\t\t\t<div class=\"elementor-container elementor-column-gap-no\">\n\t\t\t\t\t<div class=\"elementor-column elementor-col-100 elementor-top-column elementor-element elementor-element-49f0b9c8\" data-id=\"49f0b9c8\" data-element_type=\"column\">\n\t\t\t<div class=\"elementor-widget-wrap elementor-element-populated\">\n\t\t\t\t\t\t<section class=\"elementor-section elementor-inner-section elementor-element elementor-element-723dcaeb elementor-section-boxed elementor-section-height-default elementor-section-height-default\" data-id=\"723dcaeb\" data-element_type=\"section\">\n\t\t\t\t\t\t<div class=\"elementor-container elementor-column-gap-default\">\n\t\t\t\t\t<div class=\"elementor-column elementor-col-100 elementor-inner-column elementor-element elementor-element-63bbe05b\" data-id=\"63bbe05b\" data-element_type=\"column\">\n\t\t\t<div class=\"elementor-widget-wrap elementor-element-populated\">\n\t\t\t\t\t\t<div class=\"elementor-element elementor-element-33b896d0 elementor-widget elementor-widget-heading\" data-id=\"33b896d0\" data-element_type=\"widget\" data-widget_type=\"heading.default\">\n\t\t\t\t<div class=\"elementor-widget-container\">\n\t\t\t\t\t<h1 class=\"elementor-heading-title elementor-size-default\">Who are we?<\/h1>\t\t\t\t<\/div>\n\t\t\t\t<\/div>\n\t\t\t\t\t<\/div>\n\t\t<\/div>\n\t\t\t\t\t<\/div>\n\t\t<\/section>\n\t\t\t\t\t<\/div>\n\t\t<\/div>\n\t\t\t\t\t<\/div>\n\t\t<\/section>\n\t\t\t\t<section class=\"elementor-section elementor-top-section elementor-element elementor-element-3e38b43 elementor-section-boxed elementor-section-height-default elementor-section-height-default\" data-id=\"3e38b43\" data-element_type=\"section\" data-settings=\"{&quot;background_background&quot;:&quot;classic&quot;}\">\n\t\t\t\t\t\t<div class=\"elementor-container elementor-column-gap-default\">\n\t\t\t\t\t<div class=\"elementor-column elementor-col-100 elementor-top-column elementor-element elementor-element-3f2a714\" data-id=\"3f2a714\" data-element_type=\"column\">\n\t\t\t<div class=\"elementor-widget-wrap elementor-element-populated\">\n\t\t\t\t\t\t<section class=\"elementor-section elementor-inner-section elementor-element elementor-element-4b074c9 elementor-section-boxed elementor-section-height-default elementor-section-height-default\" data-id=\"4b074c9\" data-element_type=\"section\">\n\t\t\t\t\t\t<div class=\"elementor-container elementor-column-gap-default\">\n\t\t\t\t\t<div class=\"elementor-column elementor-col-50 elementor-inner-column elementor-element elementor-element-67161e2\" data-id=\"67161e2\" data-element_type=\"column\" data-settings=\"{&quot;background_background&quot;:&quot;classic&quot;}\">\n\t\t\t<div class=\"elementor-widget-wrap elementor-element-populated\">\n\t\t\t\t\t<div class=\"elementor-background-overlay\"><\/div>\n\t\t\t\t\t\t<div class=\"elementor-element elementor-element-80b1f2c elementor-widget elementor-widget-spacer\" data-id=\"80b1f2c\" data-element_type=\"widget\" data-widget_type=\"spacer.default\">\n\t\t\t\t<div class=\"elementor-widget-container\">\n\t\t\t\t\t\t\t<div class=\"elementor-spacer\">\n\t\t\t<div class=\"elementor-spacer-inner\"><\/div>\n\t\t<\/div>\n\t\t\t\t\t\t<\/div>\n\t\t\t\t<\/div>\n\t\t\t\t\t<\/div>\n\t\t<\/div>\n\t\t\t\t<div class=\"elementor-column elementor-col-50 elementor-inner-column elementor-element elementor-element-de5117c\" data-id=\"de5117c\" data-element_type=\"column\">\n\t\t\t<div class=\"elementor-widget-wrap elementor-element-populated\">\n\t\t\t\t\t\t<div class=\"elementor-element elementor-element-38f0fff elementor-widget elementor-widget-heading\" data-id=\"38f0fff\" data-element_type=\"widget\" data-widget_type=\"heading.default\">\n\t\t\t\t<div class=\"elementor-widget-container\">\n\t\t\t\t\t<h2 class=\"elementor-heading-title elementor-size-default\">My story and my passion for Cieza<\/h2>\t\t\t\t<\/div>\n\t\t\t\t<\/div>\n\t\t\t\t<div class=\"elementor-element elementor-element-0b8d3fd elementor-widget elementor-widget-text-editor\" data-id=\"0b8d3fd\" data-element_type=\"widget\" data-widget_type=\"text-editor.default\">\n\t\t\t\t<div class=\"elementor-widget-container\">\n\t\t\t\t\t\t\t\t\t<p class=\"text-gray-600 mb-4\">My name is Jos\u00e9 Antonio L\u00f3pez, and I am passionate about my homeland. I grew up in Cieza and have dedicated my career to understanding and harnessing its potential. After years working in the consulting and communications sector, I realized that my true calling was to apply my knowledge to drive the development of my own community.<\/p><p class=\"text-gray-600 mb-4\">My project stems from the dual conviction that business growth and tourism promotion are two sides of the same coin. A strong local business attracts more visitors, and vibrant tourism benefits the city&#039;s entire economy. Therefore, my work focuses on creating synergies between these two worlds, using tools like the &quot;Cieza en tu Mano&quot; platform to give visibility to our work.<\/p>\t\t\t\t\t\t\t\t<\/div>\n\t\t\t\t<\/div>\n\t\t\t\t<div class=\"elementor-element elementor-element-4aa1694 elementor-widget elementor-widget-text-editor\" data-id=\"4aa1694\" data-element_type=\"widget\" data-widget_type=\"text-editor.default\">\n\t\t\t\t<div class=\"elementor-widget-container\">\n\t\t\t\t\t\t\t\t\t<p class=\"text-gray-600 mb-4\"><strong>My mission is simple but powerful: to be a bridge between tradition and innovation, between the efforts of our entrepreneurs and the charm of our land. With each project, I seek to contribute to a more prosperous, dynamic, and vibrant Cieza for all.<\/strong><\/p>\t\t\t\t\t\t\t\t<\/div>\n\t\t\t\t<\/div>\n\t\t\t\t\t<\/div>\n\t\t<\/div>\n\t\t\t\t\t<\/div>\n\t\t<\/section>\n\t\t\t\t<div class=\"elementor-element elementor-element-b63d532 elementor-widget elementor-widget-spacer\" data-id=\"b63d532\" data-element_type=\"widget\" data-widget_type=\"spacer.default\">\n\t\t\t\t<div class=\"elementor-widget-container\">\n\t\t\t\t\t\t\t<div class=\"elementor-spacer\">\n\t\t\t<div class=\"elementor-spacer-inner\"><\/div>\n\t\t<\/div>\n\t\t\t\t\t\t<\/div>\n\t\t\t\t<\/div>\n\t\t\t\t\t<\/div>\n\t\t<\/div>\n\t\t\t\t\t<\/div>\n\t\t<\/section>\n\t\t\t\t<\/div>","protected":false},"excerpt":{"rendered":"<p>\u00bfQui\u00e9nes somos? Mi historia y mi pasi\u00f3n por Cieza Mi nombre es Jos\u00e9 Antonio L\u00f3pez y soy un apasionado de mi tierra. Crec\u00ed en Cieza y he dedicado mi carrera a entender y potenciar su potencial. Despu\u00e9s de a\u00f1os trabajando en el sector de la consultor\u00eda y la comunicaci\u00f3n, me di cuenta de que mi &#8230; <a title=\"Who Are We?\" class=\"read-more\" href=\"https:\/\/ciezaentumano.es\/en\/who-we-are\/\" aria-label=\"Read more about \u00bfQui\u00e9nes Somos?\">Read more<\/a><\/p>","protected":false},"author":6,"featured_media":0,"parent":0,"menu_order":0,"comment_status":"closed","ping_status":"closed","template":"elementor_header_footer","meta":{"footnotes":""},"class_list":["post-315","page","type-page","status-publish"],"_links":{"self":[{"href":"https:\/\/ciezaentumano.es\/en\/wp-json\/wp\/v2\/pages\/315","targetHints":{"allow":["GET"]}}],"collection":[{"href":"https:\/\/ciezaentumano.es\/en\/wp-json\/wp\/v2\/pages"}],"about":[{"href":"https:\/\/ciezaentumano.es\/en\/wp-json\/wp\/v2\/types\/page"}],"author":[{"embeddable":true,"href":"https:\/\/ciezaentumano.es\/en\/wp-json\/wp\/v2\/users\/6"}],"replies":[{"embeddable":true,"href":"https:\/\/ciezaentumano.es\/en\/wp-json\/wp\/v2\/comments?post=315"}],"version-history":[{"count":50,"href":"https:\/\/ciezaentumano.es\/en\/wp-json\/wp\/v2\/pages\/315\/revisions"}],"predecessor-version":[{"id":785,"href":"https:\/\/ciezaentumano.es\/en\/wp-json\/wp\/v2\/pages\/315\/revisions\/785"}],"wp:attachment":[{"href":"https:\/\/ciezaentumano.es\/en\/wp-json\/wp\/v2\/media?parent=315"}],"curies":[{"name":"wp","href":"https:\/\/api.w.org\/{rel}","templated":true}]}}